{"id":20,"date":"2024-04-28T23:38:01","date_gmt":"2024-04-28T23:38:01","guid":{"rendered":"https:\/\/fuzzionstudios.com\/se\/?page_id=20"},"modified":"2024-05-12T13:25:50","modified_gmt":"2024-05-12T13:25:50","slug":"portfolj","status":"publish","type":"page","link":"https:\/\/fuzzionstudios.com\/se\/portfolj\/","title":{"rendered":"Portf\u00f6lj"},"content":{"rendered":"<div class=\"ordering\">\n<div class=\"order-1\">\n<h2>Alla har n\u00e5gon form av portf\u00f6lj&#8230;<\/h2>\n<p>Eftersom jag inte \u00e4r den typ som specialiserar mig p\u00e5 en sak; h\u00e4r \u00e4r ett urval av min portf\u00f6lj. Jag uppdaterar ofta s\u00e5 kom tillbaka ofta!<\/p><\/div>\n<div id=\"fadein\" class=\"order-2\">\n<div class=\"imgtxtctr brdr\"><a href=\"\/se\/portfolj\/audio\"><img decoding=\"async\" src=\"\/wp-content\/themes\/fuzzionstudios\/images\/icons\/MusicCompositions.png\" alt=\"Audio\"><\/p>\n<div class=\"imgtxt\">Audio<\/div>\n<p><\/a>\n<\/div>\n<div class=\"imgtxtctr brdr\"><a href=\"\/se\/portfolj\/grafisk-design\/\"><img decoding=\"async\" src=\"\/wp-content\/themes\/fuzzionstudios\/images\/icons\/GraphicDesign.png\" alt=\"Grafisk design\"><\/p>\n<div class=\"imgtxt\">Grafisk design<\/div>\n<p><\/a>\n<\/div>\n<div class=\"imgtxtctr brdr\"><a href=\"\/se\/portfolj\/fotografi\/\"><img decoding=\"async\" src=\"\/wp-content\/themes\/fuzzionstudios\/images\/icons\/Photography.png\" alt=\"Fotografi\"><\/p>\n<div class=\"imgtxt\">Fotografi<\/div>\n<p><\/a>\n<\/div>\n<div class=\"imgtxtctr brdr\"><a href=\"\/se\/portfolj\/webdesign\/\"><img decoding=\"async\" src=\"\/wp-content\/themes\/fuzzionstudios\/images\/icons\/WebDesign.png\" alt=\"Webdesign\"><\/p>\n<div class=\"imgtxt\">Webdesign<\/div>\n<p><\/a>\n<\/div>\n<blockquote><p><span class=\"mobo\">Tryck<\/span><span class=\"seofix\"> eller <\/span><span class=\"pco\">Klicka<\/span> p\u00e5 en ikon f\u00f6r att visa mer<\/p><\/blockquote>\n<\/div>\n<\/div>\n","protected":false},"excerpt":{"rendered":"<div class=\"mh-excerpt\"><p>Alla har n\u00e5gon form av portf\u00f6lj&#8230; Eftersom jag inte \u00e4r den typ som specialiserar mig p\u00e5 en sak; h\u00e4r \u00e4r ett urval av min portf\u00f6lj. <a class=\"mh-excerpt-more\" href=\"https:\/\/fuzzionstudios.com\/se\/portfolj\/\" title=\"Portf\u00f6lj\">[&#8230;]<\/a><\/p>\n<\/div>","protected":false},"author":1,"featured_media":5,"parent":0,"menu_order":2,"comment_status":"closed","ping_status":"closed","template":"","meta":{"footnotes":""},"class_list":["post-20","page","type-page","status-publish","has-post-thumbnail","hentry"],"yoast_head":"<!-- This site is optimized with the Yoast SEO plugin v27.4 - https:\/\/yoast.com\/product\/yoast-seo-wordpress\/ -->\n<title>Portf\u00f6lj - Fuzzion Studios - Online-portf\u00f6ljen av konstn\u00e4ren Fuzz<\/title>\n<meta name=\"description\" content=\"Portf\u00f6lj - Eftersom jag inte \u00e4r den typ av person som specialiserar mig p\u00e5 bara en sak; du hittar ett urval av min portf\u00f6lj p\u00e5 den h\u00e4r sidan.\" \/>\n<meta name=\"robots\" content=\"index, follow, max-snippet:-1, max-image-preview:large, max-video-preview:-1\" \/>\n<link rel=\"canonical\" href=\"https:\/\/fuzzionstudios.com\/se\/portfolj\/\" \/>\n<meta property=\"og:locale\" content=\"sv_SE\" \/>\n<meta property=\"og:type\" content=\"article\" \/>\n<meta property=\"og:title\" content=\"Portf\u00f6lj - Fuzzion Studios - Online-portf\u00f6ljen av konstn\u00e4ren Fuzz\" \/>\n<meta property=\"og:description\" content=\"Portf\u00f6lj - Eftersom jag inte \u00e4r den typ av person som specialiserar mig p\u00e5 bara en sak; du hittar ett urval av min portf\u00f6lj p\u00e5 den h\u00e4r sidan.\" \/>\n<meta property=\"og:url\" content=\"https:\/\/fuzzionstudios.com\/se\/portfolj\/\" \/>\n<meta property=\"og:site_name\" content=\"Fuzzion Studios\" \/>\n<meta property=\"article:modified_time\" content=\"2024-05-12T13:25:50+00:00\" \/>\n<meta property=\"og:image\" content=\"https:\/\/fuzzionstudios.com\/se\/wp-content\/uploads\/sites\/3\/2024\/04\/Icon512.png\" \/>\n\t<meta property=\"og:image:width\" content=\"512\" \/>\n\t<meta property=\"og:image:height\" content=\"512\" \/>\n\t<meta property=\"og:image:type\" content=\"image\/png\" \/>\n<meta name=\"twitter:card\" content=\"summary_large_image\" \/>\n<meta name=\"twitter:label1\" content=\"Ber\u00e4knad l\u00e4stid\" \/>\n\t<meta name=\"twitter:data1\" content=\"2 minuter\" \/>\n<script type=\"application\/ld+json\" class=\"yoast-schema-graph\">{\"@context\":\"https:\\\/\\\/schema.org\",\"@graph\":[{\"@type\":\"WebPage\",\"@id\":\"https:\\\/\\\/fuzzionstudios.com\\\/se\\\/portfolj\\\/\",\"url\":\"https:\\\/\\\/fuzzionstudios.com\\\/se\\\/portfolj\\\/\",\"name\":\"Portf\u00f6lj - Fuzzion Studios - Online-portf\u00f6ljen av konstn\u00e4ren Fuzz\",\"isPartOf\":{\"@id\":\"https:\\\/\\\/fuzzionstudios.com\\\/se\\\/#website\"},\"primaryImageOfPage\":{\"@id\":\"https:\\\/\\\/fuzzionstudios.com\\\/se\\\/portfolj\\\/#primaryimage\"},\"image\":{\"@id\":\"https:\\\/\\\/fuzzionstudios.com\\\/se\\\/portfolj\\\/#primaryimage\"},\"thumbnailUrl\":\"https:\\\/\\\/fuzzionstudios.com\\\/se\\\/wp-content\\\/uploads\\\/sites\\\/3\\\/2024\\\/04\\\/Icon512.png\",\"datePublished\":\"2024-04-28T23:38:01+00:00\",\"dateModified\":\"2024-05-12T13:25:50+00:00\",\"description\":\"Portf\u00f6lj - Eftersom jag inte \u00e4r den typ av person som specialiserar mig p\u00e5 bara en sak; du hittar ett urval av min portf\u00f6lj p\u00e5 den h\u00e4r sidan.\",\"breadcrumb\":{\"@id\":\"https:\\\/\\\/fuzzionstudios.com\\\/se\\\/portfolj\\\/#breadcrumb\"},\"inLanguage\":\"sv-SE\",\"potentialAction\":[{\"@type\":\"ReadAction\",\"target\":[\"https:\\\/\\\/fuzzionstudios.com\\\/se\\\/portfolj\\\/\"]}]},{\"@type\":\"ImageObject\",\"inLanguage\":\"sv-SE\",\"@id\":\"https:\\\/\\\/fuzzionstudios.com\\\/se\\\/portfolj\\\/#primaryimage\",\"url\":\"https:\\\/\\\/fuzzionstudios.com\\\/se\\\/wp-content\\\/uploads\\\/sites\\\/3\\\/2024\\\/04\\\/Icon512.png\",\"contentUrl\":\"https:\\\/\\\/fuzzionstudios.com\\\/se\\\/wp-content\\\/uploads\\\/sites\\\/3\\\/2024\\\/04\\\/Icon512.png\",\"width\":512,\"height\":512,\"caption\":\"Fuzzion Studios - Online-portf\u00f6ljen f\u00f6r Fuzz best\u00e5r av: ljud, programmering, grafisk design, fotografi och webbdesign.\"},{\"@type\":\"BreadcrumbList\",\"@id\":\"https:\\\/\\\/fuzzionstudios.com\\\/se\\\/portfolj\\\/#breadcrumb\",\"itemListElement\":[{\"@type\":\"ListItem\",\"position\":1,\"name\":\"Home\",\"item\":\"https:\\\/\\\/fuzzionstudios.com\\\/se\\\/\"},{\"@type\":\"ListItem\",\"position\":2,\"name\":\"Portf\u00f6lj\"}]},{\"@type\":\"WebSite\",\"@id\":\"https:\\\/\\\/fuzzionstudios.com\\\/se\\\/#website\",\"url\":\"https:\\\/\\\/fuzzionstudios.com\\\/se\\\/\",\"name\":\"Fuzzion Studios\",\"description\":\"\",\"publisher\":{\"@id\":\"https:\\\/\\\/fuzzionstudios.com\\\/se\\\/#organization\"},\"potentialAction\":[{\"@type\":\"SearchAction\",\"target\":{\"@type\":\"EntryPoint\",\"urlTemplate\":\"https:\\\/\\\/fuzzionstudios.com\\\/se\\\/?s={search_term_string}\"},\"query-input\":{\"@type\":\"PropertyValueSpecification\",\"valueRequired\":true,\"valueName\":\"search_term_string\"}}],\"inLanguage\":\"sv-SE\"},{\"@type\":\"Organization\",\"@id\":\"https:\\\/\\\/fuzzionstudios.com\\\/se\\\/#organization\",\"name\":\"Fuzzion Studios\",\"url\":\"https:\\\/\\\/fuzzionstudios.com\\\/se\\\/\",\"logo\":{\"@type\":\"ImageObject\",\"inLanguage\":\"sv-SE\",\"@id\":\"https:\\\/\\\/fuzzionstudios.com\\\/se\\\/#\\\/schema\\\/logo\\\/image\\\/\",\"url\":\"https:\\\/\\\/fuzzionstudios.com\\\/se\\\/wp-content\\\/uploads\\\/sites\\\/3\\\/2024\\\/04\\\/Icon512.png\",\"contentUrl\":\"https:\\\/\\\/fuzzionstudios.com\\\/se\\\/wp-content\\\/uploads\\\/sites\\\/3\\\/2024\\\/04\\\/Icon512.png\",\"width\":512,\"height\":512,\"caption\":\"Fuzzion Studios\"},\"image\":{\"@id\":\"https:\\\/\\\/fuzzionstudios.com\\\/se\\\/#\\\/schema\\\/logo\\\/image\\\/\"},\"sameAs\":[\"https:\\\/\\\/instagram.com\\\/fuzzionstudios\"]}]}<\/script>\n<!-- \/ Yoast SEO plugin. -->","yoast_head_json":{"title":"Portf\u00f6lj - Fuzzion Studios - Online-portf\u00f6ljen av konstn\u00e4ren Fuzz","description":"Portf\u00f6lj - Eftersom jag inte \u00e4r den typ av person som specialiserar mig p\u00e5 bara en sak; du hittar ett urval av min portf\u00f6lj p\u00e5 den h\u00e4r sidan.","robots":{"index":"index","follow":"follow","max-snippet":"max-snippet:-1","max-image-preview":"max-image-preview:large","max-video-preview":"max-video-preview:-1"},"canonical":"https:\/\/fuzzionstudios.com\/se\/portfolj\/","og_locale":"sv_SE","og_type":"article","og_title":"Portf\u00f6lj - Fuzzion Studios - Online-portf\u00f6ljen av konstn\u00e4ren Fuzz","og_description":"Portf\u00f6lj - Eftersom jag inte \u00e4r den typ av person som specialiserar mig p\u00e5 bara en sak; du hittar ett urval av min portf\u00f6lj p\u00e5 den h\u00e4r sidan.","og_url":"https:\/\/fuzzionstudios.com\/se\/portfolj\/","og_site_name":"Fuzzion Studios","article_modified_time":"2024-05-12T13:25:50+00:00","og_image":[{"width":512,"height":512,"url":"https:\/\/fuzzionstudios.com\/se\/wp-content\/uploads\/sites\/3\/2024\/04\/Icon512.png","type":"image\/png"}],"twitter_card":"summary_large_image","twitter_misc":{"Ber\u00e4knad l\u00e4stid":"2 minuter"},"schema":{"@context":"https:\/\/schema.org","@graph":[{"@type":"WebPage","@id":"https:\/\/fuzzionstudios.com\/se\/portfolj\/","url":"https:\/\/fuzzionstudios.com\/se\/portfolj\/","name":"Portf\u00f6lj - Fuzzion Studios - Online-portf\u00f6ljen av konstn\u00e4ren Fuzz","isPartOf":{"@id":"https:\/\/fuzzionstudios.com\/se\/#website"},"primaryImageOfPage":{"@id":"https:\/\/fuzzionstudios.com\/se\/portfolj\/#primaryimage"},"image":{"@id":"https:\/\/fuzzionstudios.com\/se\/portfolj\/#primaryimage"},"thumbnailUrl":"https:\/\/fuzzionstudios.com\/se\/wp-content\/uploads\/sites\/3\/2024\/04\/Icon512.png","datePublished":"2024-04-28T23:38:01+00:00","dateModified":"2024-05-12T13:25:50+00:00","description":"Portf\u00f6lj - Eftersom jag inte \u00e4r den typ av person som specialiserar mig p\u00e5 bara en sak; du hittar ett urval av min portf\u00f6lj p\u00e5 den h\u00e4r sidan.","breadcrumb":{"@id":"https:\/\/fuzzionstudios.com\/se\/portfolj\/#breadcrumb"},"inLanguage":"sv-SE","potentialAction":[{"@type":"ReadAction","target":["https:\/\/fuzzionstudios.com\/se\/portfolj\/"]}]},{"@type":"ImageObject","inLanguage":"sv-SE","@id":"https:\/\/fuzzionstudios.com\/se\/portfolj\/#primaryimage","url":"https:\/\/fuzzionstudios.com\/se\/wp-content\/uploads\/sites\/3\/2024\/04\/Icon512.png","contentUrl":"https:\/\/fuzzionstudios.com\/se\/wp-content\/uploads\/sites\/3\/2024\/04\/Icon512.png","width":512,"height":512,"caption":"Fuzzion Studios - Online-portf\u00f6ljen f\u00f6r Fuzz best\u00e5r av: ljud, programmering, grafisk design, fotografi och webbdesign."},{"@type":"BreadcrumbList","@id":"https:\/\/fuzzionstudios.com\/se\/portfolj\/#breadcrumb","itemListElement":[{"@type":"ListItem","position":1,"name":"Home","item":"https:\/\/fuzzionstudios.com\/se\/"},{"@type":"ListItem","position":2,"name":"Portf\u00f6lj"}]},{"@type":"WebSite","@id":"https:\/\/fuzzionstudios.com\/se\/#website","url":"https:\/\/fuzzionstudios.com\/se\/","name":"Fuzzion Studios","description":"","publisher":{"@id":"https:\/\/fuzzionstudios.com\/se\/#organization"},"potentialAction":[{"@type":"SearchAction","target":{"@type":"EntryPoint","urlTemplate":"https:\/\/fuzzionstudios.com\/se\/?s={search_term_string}"},"query-input":{"@type":"PropertyValueSpecification","valueRequired":true,"valueName":"search_term_string"}}],"inLanguage":"sv-SE"},{"@type":"Organization","@id":"https:\/\/fuzzionstudios.com\/se\/#organization","name":"Fuzzion Studios","url":"https:\/\/fuzzionstudios.com\/se\/","logo":{"@type":"ImageObject","inLanguage":"sv-SE","@id":"https:\/\/fuzzionstudios.com\/se\/#\/schema\/logo\/image\/","url":"https:\/\/fuzzionstudios.com\/se\/wp-content\/uploads\/sites\/3\/2024\/04\/Icon512.png","contentUrl":"https:\/\/fuzzionstudios.com\/se\/wp-content\/uploads\/sites\/3\/2024\/04\/Icon512.png","width":512,"height":512,"caption":"Fuzzion Studios"},"image":{"@id":"https:\/\/fuzzionstudios.com\/se\/#\/schema\/logo\/image\/"},"sameAs":["https:\/\/instagram.com\/fuzzionstudios"]}]}},"_links":{"self":[{"href":"https:\/\/fuzzionstudios.com\/se\/wp-json\/wp\/v2\/pages\/20","targetHints":{"allow":["GET"]}}],"collection":[{"href":"https:\/\/fuzzionstudios.com\/se\/wp-json\/wp\/v2\/pages"}],"about":[{"href":"https:\/\/fuzzionstudios.com\/se\/wp-json\/wp\/v2\/types\/page"}],"author":[{"embeddable":true,"href":"https:\/\/fuzzionstudios.com\/se\/wp-json\/wp\/v2\/users\/1"}],"replies":[{"embeddable":true,"href":"https:\/\/fuzzionstudios.com\/se\/wp-json\/wp\/v2\/comments?post=20"}],"version-history":[{"count":1,"href":"https:\/\/fuzzionstudios.com\/se\/wp-json\/wp\/v2\/pages\/20\/revisions"}],"predecessor-version":[{"id":21,"href":"https:\/\/fuzzionstudios.com\/se\/wp-json\/wp\/v2\/pages\/20\/revisions\/21"}],"wp:featuredmedia":[{"embeddable":true,"href":"https:\/\/fuzzionstudios.com\/se\/wp-json\/wp\/v2\/media\/5"}],"wp:attachment":[{"href":"https:\/\/fuzzionstudios.com\/se\/wp-json\/wp\/v2\/media?parent=20"}],"curies":[{"name":"wp","href":"https:\/\/api.w.org\/{rel}","templated":true}]}}