{"id":28,"date":"2024-04-30T17:51:34","date_gmt":"2024-04-30T17:51:34","guid":{"rendered":"https:\/\/fuzzionstudios.com\/se\/?page_id=28"},"modified":"2024-05-01T23:10:46","modified_gmt":"2024-05-01T23:10:46","slug":"contact","status":"publish","type":"page","link":"https:\/\/fuzzionstudios.com\/se\/contact\/","title":{"rendered":"Kontakt"},"content":{"rendered":"<h2>L\u00e4mna ditt meddelande efter pipet &#8230;<\/h2>\n<p>Eller fyll i kontaktformul\u00e4ret<\/p>\n<div id=\"fadein\">\n<div class=\"wpcf7 no-js\" id=\"wpcf7-f71-o1\" lang=\"sv-SE\" dir=\"ltr\" data-wpcf7-id=\"71\">\n<div class=\"screen-reader-response\"><p role=\"status\" aria-live=\"polite\" aria-atomic=\"true\"><\/p> <ul><\/ul><\/div>\n<form action=\"\/se\/wp-json\/wp\/v2\/pages\/28#wpcf7-f71-o1\" method=\"post\" class=\"wpcf7-form init\" aria-label=\"Kontaktformul\u00e4r\" novalidate=\"novalidate\" data-status=\"init\">\n<fieldset class=\"hidden-fields-container\"><input type=\"hidden\" name=\"_wpcf7\" value=\"71\" \/><input type=\"hidden\" name=\"_wpcf7_version\" value=\"6.1.5\" \/><input type=\"hidden\" name=\"_wpcf7_locale\" value=\"sv_SE\" \/><input type=\"hidden\" name=\"_wpcf7_unit_tag\" value=\"wpcf7-f71-o1\" \/><input type=\"hidden\" name=\"_wpcf7_container_post\" value=\"0\" \/><input type=\"hidden\" name=\"_wpcf7_posted_data_hash\" value=\"\" \/>\n<\/fieldset>\n<p><label> Namn:<br \/>\n<span class=\"wpcf7-form-control-wrap\" data-name=\"your-name\"><input size=\"40\" maxlength=\"400\" class=\"wpcf7-form-control wpcf7-text wpcf7-validates-as-required\" autocomplete=\"name\" aria-required=\"true\" aria-invalid=\"false\" value=\"\" type=\"text\" name=\"your-name\" \/><\/span> <\/label>\n<\/p>\n<p><label> E-post:<br \/>\n<span class=\"wpcf7-form-control-wrap\" data-name=\"your-email\"><input size=\"40\" maxlength=\"400\" class=\"wpcf7-form-control wpcf7-email wpcf7-validates-as-required wpcf7-text wpcf7-validates-as-email\" autocomplete=\"email\" aria-required=\"true\" aria-invalid=\"false\" value=\"\" type=\"email\" name=\"your-email\" \/><\/span> <\/label>\n<\/p>\n<p><label> \u00c4mne:<br \/>\n<span class=\"wpcf7-form-control-wrap\" data-name=\"your-subject\"><input size=\"40\" maxlength=\"400\" class=\"wpcf7-form-control wpcf7-text wpcf7-validates-as-required\" aria-required=\"true\" aria-invalid=\"false\" value=\"\" type=\"text\" name=\"your-subject\" \/><\/span> <\/label>\n<\/p>\n<p><label> Meddelande:<br \/>\n<span class=\"wpcf7-form-control-wrap\" data-name=\"your-message\"><textarea cols=\"40\" rows=\"10\" maxlength=\"2000\" class=\"wpcf7-form-control wpcf7-textarea\" aria-invalid=\"false\" name=\"your-message\"><\/textarea><\/span> <\/label>\n<\/p>\n<p><input class=\"wpcf7-form-control wpcf7-submit has-spinner\" type=\"submit\" value=\"Skicka\" \/>\n<\/p><p style=\"display: none !important;\" class=\"akismet-fields-container\" data-prefix=\"_wpcf7_ak_\"><label>&#916;<textarea name=\"_wpcf7_ak_hp_textarea\" cols=\"45\" rows=\"8\" maxlength=\"100\"><\/textarea><\/label><input type=\"hidden\" id=\"ak_js_1\" name=\"_wpcf7_ak_js\" value=\"40\"\/><script>document.getElementById( \"ak_js_1\" ).setAttribute( \"value\", ( new Date() ).getTime() );<\/script><\/p><div class=\"wpcf7-response-output\" aria-hidden=\"true\"><\/div>\n<\/form>\n<\/div>\n<\/div>\n","protected":false},"excerpt":{"rendered":"<div class=\"mh-excerpt\"><p>L\u00e4mna ditt meddelande efter pipet &#8230; Eller fyll i kontaktformul\u00e4ret<\/p>\n<\/div>","protected":false},"author":1,"featured_media":5,"parent":0,"menu_order":4,"comment_status":"closed","ping_status":"closed","template":"","meta":{"footnotes":""},"class_list":["post-28","page","type-page","status-publish","has-post-thumbnail","hentry"],"yoast_head":"<!-- This site is optimized with the Yoast SEO plugin v27.4 - https:\/\/yoast.com\/product\/yoast-seo-wordpress\/ -->\n<title>Kontakt - Fuzzion Studios - Online-portf\u00f6ljen av konstn\u00e4ren Fuzz<\/title>\n<meta name=\"description\" content=\"Kontakt - Fyll i kontaktformul\u00e4ret s\u00e5 ser jag till att jag svarar dig s\u00e5 snart som m\u00f6jligt! Inte intresserad av n\u00e5gon &quot;erbjudanden&quot;.\" \/>\n<meta name=\"robots\" content=\"index, follow, max-snippet:-1, max-image-preview:large, max-video-preview:-1\" \/>\n<link rel=\"canonical\" href=\"https:\/\/fuzzionstudios.com\/se\/contact\/\" \/>\n<meta property=\"og:locale\" content=\"sv_SE\" \/>\n<meta property=\"og:type\" content=\"article\" \/>\n<meta property=\"og:title\" content=\"Kontakt - Fuzzion Studios - Online-portf\u00f6ljen av konstn\u00e4ren Fuzz\" \/>\n<meta property=\"og:description\" content=\"Kontakt - Fyll i kontaktformul\u00e4ret s\u00e5 ser jag till att jag svarar dig s\u00e5 snart som m\u00f6jligt! Inte intresserad av n\u00e5gon &quot;erbjudanden&quot;.\" \/>\n<meta property=\"og:url\" content=\"https:\/\/fuzzionstudios.com\/se\/contact\/\" \/>\n<meta property=\"og:site_name\" content=\"Fuzzion Studios\" \/>\n<meta property=\"article:modified_time\" content=\"2024-05-01T23:10:46+00:00\" \/>\n<meta property=\"og:image\" content=\"https:\/\/fuzzionstudios.com\/se\/wp-content\/uploads\/sites\/3\/2024\/04\/Icon512.png\" \/>\n\t<meta property=\"og:image:width\" content=\"512\" \/>\n\t<meta property=\"og:image:height\" content=\"512\" \/>\n\t<meta property=\"og:image:type\" content=\"image\/png\" \/>\n<meta name=\"twitter:card\" content=\"summary_large_image\" \/>\n<meta name=\"twitter:label1\" content=\"Ber\u00e4knad l\u00e4stid\" \/>\n\t<meta name=\"twitter:data1\" content=\"1 minut\" \/>\n<script type=\"application\/ld+json\" class=\"yoast-schema-graph\">{\"@context\":\"https:\\\/\\\/schema.org\",\"@graph\":[{\"@type\":\"WebPage\",\"@id\":\"https:\\\/\\\/fuzzionstudios.com\\\/se\\\/contact\\\/\",\"url\":\"https:\\\/\\\/fuzzionstudios.com\\\/se\\\/contact\\\/\",\"name\":\"Kontakt - Fuzzion Studios - Online-portf\u00f6ljen av konstn\u00e4ren Fuzz\",\"isPartOf\":{\"@id\":\"https:\\\/\\\/fuzzionstudios.com\\\/se\\\/#website\"},\"primaryImageOfPage\":{\"@id\":\"https:\\\/\\\/fuzzionstudios.com\\\/se\\\/contact\\\/#primaryimage\"},\"image\":{\"@id\":\"https:\\\/\\\/fuzzionstudios.com\\\/se\\\/contact\\\/#primaryimage\"},\"thumbnailUrl\":\"https:\\\/\\\/fuzzionstudios.com\\\/se\\\/wp-content\\\/uploads\\\/sites\\\/3\\\/2024\\\/04\\\/Icon512.png\",\"datePublished\":\"2024-04-30T17:51:34+00:00\",\"dateModified\":\"2024-05-01T23:10:46+00:00\",\"description\":\"Kontakt - Fyll i kontaktformul\u00e4ret s\u00e5 ser jag till att jag svarar dig s\u00e5 snart som m\u00f6jligt! Inte intresserad av n\u00e5gon \\\"erbjudanden\\\".\",\"breadcrumb\":{\"@id\":\"https:\\\/\\\/fuzzionstudios.com\\\/se\\\/contact\\\/#breadcrumb\"},\"inLanguage\":\"sv-SE\",\"potentialAction\":[{\"@type\":\"ReadAction\",\"target\":[\"https:\\\/\\\/fuzzionstudios.com\\\/se\\\/contact\\\/\"]}]},{\"@type\":\"ImageObject\",\"inLanguage\":\"sv-SE\",\"@id\":\"https:\\\/\\\/fuzzionstudios.com\\\/se\\\/contact\\\/#primaryimage\",\"url\":\"https:\\\/\\\/fuzzionstudios.com\\\/se\\\/wp-content\\\/uploads\\\/sites\\\/3\\\/2024\\\/04\\\/Icon512.png\",\"contentUrl\":\"https:\\\/\\\/fuzzionstudios.com\\\/se\\\/wp-content\\\/uploads\\\/sites\\\/3\\\/2024\\\/04\\\/Icon512.png\",\"width\":512,\"height\":512,\"caption\":\"Fuzzion Studios - Online-portf\u00f6ljen f\u00f6r Fuzz best\u00e5r av: ljud, programmering, grafisk design, fotografi och webbdesign.\"},{\"@type\":\"BreadcrumbList\",\"@id\":\"https:\\\/\\\/fuzzionstudios.com\\\/se\\\/contact\\\/#breadcrumb\",\"itemListElement\":[{\"@type\":\"ListItem\",\"position\":1,\"name\":\"Home\",\"item\":\"https:\\\/\\\/fuzzionstudios.com\\\/se\\\/\"},{\"@type\":\"ListItem\",\"position\":2,\"name\":\"Kontakt\"}]},{\"@type\":\"WebSite\",\"@id\":\"https:\\\/\\\/fuzzionstudios.com\\\/se\\\/#website\",\"url\":\"https:\\\/\\\/fuzzionstudios.com\\\/se\\\/\",\"name\":\"Fuzzion Studios\",\"description\":\"\",\"publisher\":{\"@id\":\"https:\\\/\\\/fuzzionstudios.com\\\/se\\\/#organization\"},\"potentialAction\":[{\"@type\":\"SearchAction\",\"target\":{\"@type\":\"EntryPoint\",\"urlTemplate\":\"https:\\\/\\\/fuzzionstudios.com\\\/se\\\/?s={search_term_string}\"},\"query-input\":{\"@type\":\"PropertyValueSpecification\",\"valueRequired\":true,\"valueName\":\"search_term_string\"}}],\"inLanguage\":\"sv-SE\"},{\"@type\":\"Organization\",\"@id\":\"https:\\\/\\\/fuzzionstudios.com\\\/se\\\/#organization\",\"name\":\"Fuzzion Studios\",\"url\":\"https:\\\/\\\/fuzzionstudios.com\\\/se\\\/\",\"logo\":{\"@type\":\"ImageObject\",\"inLanguage\":\"sv-SE\",\"@id\":\"https:\\\/\\\/fuzzionstudios.com\\\/se\\\/#\\\/schema\\\/logo\\\/image\\\/\",\"url\":\"https:\\\/\\\/fuzzionstudios.com\\\/se\\\/wp-content\\\/uploads\\\/sites\\\/3\\\/2024\\\/04\\\/Icon512.png\",\"contentUrl\":\"https:\\\/\\\/fuzzionstudios.com\\\/se\\\/wp-content\\\/uploads\\\/sites\\\/3\\\/2024\\\/04\\\/Icon512.png\",\"width\":512,\"height\":512,\"caption\":\"Fuzzion Studios\"},\"image\":{\"@id\":\"https:\\\/\\\/fuzzionstudios.com\\\/se\\\/#\\\/schema\\\/logo\\\/image\\\/\"},\"sameAs\":[\"https:\\\/\\\/instagram.com\\\/fuzzionstudios\"]}]}<\/script>\n<!-- \/ Yoast SEO plugin. -->","yoast_head_json":{"title":"Kontakt - Fuzzion Studios - Online-portf\u00f6ljen av konstn\u00e4ren Fuzz","description":"Kontakt - Fyll i kontaktformul\u00e4ret s\u00e5 ser jag till att jag svarar dig s\u00e5 snart som m\u00f6jligt! Inte intresserad av n\u00e5gon \"erbjudanden\".","robots":{"index":"index","follow":"follow","max-snippet":"max-snippet:-1","max-image-preview":"max-image-preview:large","max-video-preview":"max-video-preview:-1"},"canonical":"https:\/\/fuzzionstudios.com\/se\/contact\/","og_locale":"sv_SE","og_type":"article","og_title":"Kontakt - Fuzzion Studios - Online-portf\u00f6ljen av konstn\u00e4ren Fuzz","og_description":"Kontakt - Fyll i kontaktformul\u00e4ret s\u00e5 ser jag till att jag svarar dig s\u00e5 snart som m\u00f6jligt! Inte intresserad av n\u00e5gon \"erbjudanden\".","og_url":"https:\/\/fuzzionstudios.com\/se\/contact\/","og_site_name":"Fuzzion Studios","article_modified_time":"2024-05-01T23:10:46+00:00","og_image":[{"width":512,"height":512,"url":"https:\/\/fuzzionstudios.com\/se\/wp-content\/uploads\/sites\/3\/2024\/04\/Icon512.png","type":"image\/png"}],"twitter_card":"summary_large_image","twitter_misc":{"Ber\u00e4knad l\u00e4stid":"1 minut"},"schema":{"@context":"https:\/\/schema.org","@graph":[{"@type":"WebPage","@id":"https:\/\/fuzzionstudios.com\/se\/contact\/","url":"https:\/\/fuzzionstudios.com\/se\/contact\/","name":"Kontakt - Fuzzion Studios - Online-portf\u00f6ljen av konstn\u00e4ren Fuzz","isPartOf":{"@id":"https:\/\/fuzzionstudios.com\/se\/#website"},"primaryImageOfPage":{"@id":"https:\/\/fuzzionstudios.com\/se\/contact\/#primaryimage"},"image":{"@id":"https:\/\/fuzzionstudios.com\/se\/contact\/#primaryimage"},"thumbnailUrl":"https:\/\/fuzzionstudios.com\/se\/wp-content\/uploads\/sites\/3\/2024\/04\/Icon512.png","datePublished":"2024-04-30T17:51:34+00:00","dateModified":"2024-05-01T23:10:46+00:00","description":"Kontakt - Fyll i kontaktformul\u00e4ret s\u00e5 ser jag till att jag svarar dig s\u00e5 snart som m\u00f6jligt! Inte intresserad av n\u00e5gon \"erbjudanden\".","breadcrumb":{"@id":"https:\/\/fuzzionstudios.com\/se\/contact\/#breadcrumb"},"inLanguage":"sv-SE","potentialAction":[{"@type":"ReadAction","target":["https:\/\/fuzzionstudios.com\/se\/contact\/"]}]},{"@type":"ImageObject","inLanguage":"sv-SE","@id":"https:\/\/fuzzionstudios.com\/se\/contact\/#primaryimage","url":"https:\/\/fuzzionstudios.com\/se\/wp-content\/uploads\/sites\/3\/2024\/04\/Icon512.png","contentUrl":"https:\/\/fuzzionstudios.com\/se\/wp-content\/uploads\/sites\/3\/2024\/04\/Icon512.png","width":512,"height":512,"caption":"Fuzzion Studios - Online-portf\u00f6ljen f\u00f6r Fuzz best\u00e5r av: ljud, programmering, grafisk design, fotografi och webbdesign."},{"@type":"BreadcrumbList","@id":"https:\/\/fuzzionstudios.com\/se\/contact\/#breadcrumb","itemListElement":[{"@type":"ListItem","position":1,"name":"Home","item":"https:\/\/fuzzionstudios.com\/se\/"},{"@type":"ListItem","position":2,"name":"Kontakt"}]},{"@type":"WebSite","@id":"https:\/\/fuzzionstudios.com\/se\/#website","url":"https:\/\/fuzzionstudios.com\/se\/","name":"Fuzzion Studios","description":"","publisher":{"@id":"https:\/\/fuzzionstudios.com\/se\/#organization"},"potentialAction":[{"@type":"SearchAction","target":{"@type":"EntryPoint","urlTemplate":"https:\/\/fuzzionstudios.com\/se\/?s={search_term_string}"},"query-input":{"@type":"PropertyValueSpecification","valueRequired":true,"valueName":"search_term_string"}}],"inLanguage":"sv-SE"},{"@type":"Organization","@id":"https:\/\/fuzzionstudios.com\/se\/#organization","name":"Fuzzion Studios","url":"https:\/\/fuzzionstudios.com\/se\/","logo":{"@type":"ImageObject","inLanguage":"sv-SE","@id":"https:\/\/fuzzionstudios.com\/se\/#\/schema\/logo\/image\/","url":"https:\/\/fuzzionstudios.com\/se\/wp-content\/uploads\/sites\/3\/2024\/04\/Icon512.png","contentUrl":"https:\/\/fuzzionstudios.com\/se\/wp-content\/uploads\/sites\/3\/2024\/04\/Icon512.png","width":512,"height":512,"caption":"Fuzzion Studios"},"image":{"@id":"https:\/\/fuzzionstudios.com\/se\/#\/schema\/logo\/image\/"},"sameAs":["https:\/\/instagram.com\/fuzzionstudios"]}]}},"_links":{"self":[{"href":"https:\/\/fuzzionstudios.com\/se\/wp-json\/wp\/v2\/pages\/28","targetHints":{"allow":["GET"]}}],"collection":[{"href":"https:\/\/fuzzionstudios.com\/se\/wp-json\/wp\/v2\/pages"}],"about":[{"href":"https:\/\/fuzzionstudios.com\/se\/wp-json\/wp\/v2\/types\/page"}],"author":[{"embeddable":true,"href":"https:\/\/fuzzionstudios.com\/se\/wp-json\/wp\/v2\/users\/1"}],"replies":[{"embeddable":true,"href":"https:\/\/fuzzionstudios.com\/se\/wp-json\/wp\/v2\/comments?post=28"}],"version-history":[{"count":2,"href":"https:\/\/fuzzionstudios.com\/se\/wp-json\/wp\/v2\/pages\/28\/revisions"}],"predecessor-version":[{"id":72,"href":"https:\/\/fuzzionstudios.com\/se\/wp-json\/wp\/v2\/pages\/28\/revisions\/72"}],"wp:featuredmedia":[{"embeddable":true,"href":"https:\/\/fuzzionstudios.com\/se\/wp-json\/wp\/v2\/media\/5"}],"wp:attachment":[{"href":"https:\/\/fuzzionstudios.com\/se\/wp-json\/wp\/v2\/media?parent=28"}],"curies":[{"name":"wp","href":"https:\/\/api.w.org\/{rel}","templated":true}]}}