{"id":33,"date":"2024-04-30T17:56:52","date_gmt":"2024-04-30T17:56:52","guid":{"rendered":"https:\/\/fuzzionstudios.com\/se\/?page_id=33"},"modified":"2024-05-01T23:08:07","modified_gmt":"2024-05-01T23:08:07","slug":"natur","status":"publish","type":"page","link":"https:\/\/fuzzionstudios.com\/se\/portfolj\/fotografi\/natur\/","title":{"rendered":"Natur"},"content":{"rendered":"<div class=\"ordering\">\n<div class=\"order-1\">\n<blockquote><p><span class=\"mobo\">Tryck<\/span><span class=\"seofix\"> eller <\/span><span class=\"pco\">Klicka <\/span> p\u00e5 en bild f\u00f6r att f\u00f6rstora<\/p><\/blockquote>\n<\/div>\n<div class=\"order-2\">\n<div id=\"fadein\"><a class=\"example-image-link\" href=\"\/wp-content\/themes\/fuzzionstudios\/images\/portfolio\/Photography\/Nature\/FS-NATURE-2020-2.jpg\" data-lightbox=\"example-set\" data-title=\"Natur\"><img decoding=\"async\" src=\"\/wp-content\/themes\/fuzzionstudios\/images\/portfolio\/Photography\/Nature\/FS-NATURE-2020-2-150x150.jpg\" alt=\"Natur\" class=\"bluimg galthumb\"><\/a><a class=\"example-image-link\" href=\"\/wp-content\/themes\/fuzzionstudios\/images\/portfolio\/Photography\/Nature\/FS-NATURE-2020-1.jpg\" data-lightbox=\"example-set\" data-title=\"Natur\"><img decoding=\"async\" src=\"\/wp-content\/themes\/fuzzionstudios\/images\/portfolio\/Photography\/Nature\/FS-NATURE-2020-1-150x150.jpg\" alt=\"Natur\" class=\"bluimg galthumb\"><\/a><a class=\"example-image-link\" href=\"\/wp-content\/themes\/fuzzionstudios\/images\/portfolio\/Photography\/Nature\/FS-NATURE-2018-3.jpg\" data-lightbox=\"example-set\" data-title=\"Natur\"><img decoding=\"async\" src=\"\/wp-content\/themes\/fuzzionstudios\/images\/portfolio\/Photography\/Nature\/FS-NATURE-2018-3-150x150.jpg\" alt=\"Natur\" class=\"bluimg galthumb\"><\/a><a class=\"example-image-link\" href=\"\/wp-content\/themes\/fuzzionstudios\/images\/portfolio\/Photography\/Nature\/FS-NATURE-2018-2.jpg\" data-lightbox=\"example-set\" data-title=\"Natur\"><img decoding=\"async\" src=\"\/wp-content\/themes\/fuzzionstudios\/images\/portfolio\/Photography\/Nature\/FS-NATURE-2018-2-150x150.jpg\" alt=\"Natur\" class=\"bluimg galthumb\"><\/a><a class=\"example-image-link\" href=\"\/wp-content\/themes\/fuzzionstudios\/images\/portfolio\/Photography\/Nature\/FS-NATURE-2018-1.jpg\" data-lightbox=\"example-set\" data-title=\"Natur\"><img decoding=\"async\" src=\"\/wp-content\/themes\/fuzzionstudios\/images\/portfolio\/Photography\/Nature\/FS-NATURE-2018-1-150x150.jpg\" alt=\"Natur\" class=\"bluimg galthumb\"><\/a><\/div>\n<\/div>\n<\/div>\n","protected":false},"excerpt":{"rendered":"<div class=\"mh-excerpt\"><p>Tryck eller Klicka p\u00e5 en bild f\u00f6r att f\u00f6rstora<\/p>\n<\/div>","protected":false},"author":1,"featured_media":5,"parent":32,"menu_order":0,"comment_status":"closed","ping_status":"closed","template":"","meta":{"footnotes":""},"class_list":["post-33","page","type-page","status-publish","has-post-thumbnail","hentry"],"yoast_head":"<!-- This site is optimized with the Yoast SEO plugin v27.4 - https:\/\/yoast.com\/product\/yoast-seo-wordpress\/ -->\n<title>Natur - Fuzzion Studios - Online-portf\u00f6ljen av konstn\u00e4ren Fuzz<\/title>\n<meta name=\"description\" content=\"Natur - Online-portf\u00f6ljen av Fuzz best\u00e5r av en m\u00e5ngsidig blandning av: ljud, programmering, grafisk design, fotografi och webbdesign.\" \/>\n<meta name=\"robots\" content=\"index, follow, max-snippet:-1, max-image-preview:large, max-video-preview:-1\" \/>\n<link rel=\"canonical\" href=\"https:\/\/fuzzionstudios.com\/se\/portfolj\/fotografi\/natur\/\" \/>\n<meta property=\"og:locale\" content=\"sv_SE\" \/>\n<meta property=\"og:type\" content=\"article\" \/>\n<meta property=\"og:title\" content=\"Natur - Fuzzion Studios - Online-portf\u00f6ljen av konstn\u00e4ren Fuzz\" \/>\n<meta property=\"og:description\" content=\"Natur - Online-portf\u00f6ljen av Fuzz best\u00e5r av en m\u00e5ngsidig blandning av: ljud, programmering, grafisk design, fotografi och webbdesign.\" \/>\n<meta property=\"og:url\" content=\"https:\/\/fuzzionstudios.com\/se\/portfolj\/fotografi\/natur\/\" \/>\n<meta property=\"og:site_name\" content=\"Fuzzion Studios\" \/>\n<meta property=\"article:modified_time\" content=\"2024-05-01T23:08:07+00:00\" \/>\n<meta property=\"og:image\" content=\"https:\/\/fuzzionstudios.com\/se\/wp-content\/uploads\/sites\/3\/2024\/04\/Icon512.png\" \/>\n\t<meta property=\"og:image:width\" content=\"512\" \/>\n\t<meta property=\"og:image:height\" content=\"512\" \/>\n\t<meta property=\"og:image:type\" content=\"image\/png\" \/>\n<meta name=\"twitter:card\" content=\"summary_large_image\" \/>\n<meta name=\"twitter:label1\" content=\"Ber\u00e4knad l\u00e4stid\" \/>\n\t<meta name=\"twitter:data1\" content=\"2 minuter\" \/>\n<script type=\"application\/ld+json\" class=\"yoast-schema-graph\">{\"@context\":\"https:\\\/\\\/schema.org\",\"@graph\":[{\"@type\":\"WebPage\",\"@id\":\"https:\\\/\\\/fuzzionstudios.com\\\/se\\\/portfolj\\\/fotografi\\\/natur\\\/\",\"url\":\"https:\\\/\\\/fuzzionstudios.com\\\/se\\\/portfolj\\\/fotografi\\\/natur\\\/\",\"name\":\"Natur - Fuzzion Studios - Online-portf\u00f6ljen av konstn\u00e4ren Fuzz\",\"isPartOf\":{\"@id\":\"https:\\\/\\\/fuzzionstudios.com\\\/se\\\/#website\"},\"primaryImageOfPage\":{\"@id\":\"https:\\\/\\\/fuzzionstudios.com\\\/se\\\/portfolj\\\/fotografi\\\/natur\\\/#primaryimage\"},\"image\":{\"@id\":\"https:\\\/\\\/fuzzionstudios.com\\\/se\\\/portfolj\\\/fotografi\\\/natur\\\/#primaryimage\"},\"thumbnailUrl\":\"https:\\\/\\\/fuzzionstudios.com\\\/se\\\/wp-content\\\/uploads\\\/sites\\\/3\\\/2024\\\/04\\\/Icon512.png\",\"datePublished\":\"2024-04-30T17:56:52+00:00\",\"dateModified\":\"2024-05-01T23:08:07+00:00\",\"description\":\"Natur - Online-portf\u00f6ljen av Fuzz best\u00e5r av en m\u00e5ngsidig blandning av: ljud, programmering, grafisk design, fotografi och webbdesign.\",\"breadcrumb\":{\"@id\":\"https:\\\/\\\/fuzzionstudios.com\\\/se\\\/portfolj\\\/fotografi\\\/natur\\\/#breadcrumb\"},\"inLanguage\":\"sv-SE\",\"potentialAction\":[{\"@type\":\"ReadAction\",\"target\":[\"https:\\\/\\\/fuzzionstudios.com\\\/se\\\/portfolj\\\/fotografi\\\/natur\\\/\"]}]},{\"@type\":\"ImageObject\",\"inLanguage\":\"sv-SE\",\"@id\":\"https:\\\/\\\/fuzzionstudios.com\\\/se\\\/portfolj\\\/fotografi\\\/natur\\\/#primaryimage\",\"url\":\"https:\\\/\\\/fuzzionstudios.com\\\/se\\\/wp-content\\\/uploads\\\/sites\\\/3\\\/2024\\\/04\\\/Icon512.png\",\"contentUrl\":\"https:\\\/\\\/fuzzionstudios.com\\\/se\\\/wp-content\\\/uploads\\\/sites\\\/3\\\/2024\\\/04\\\/Icon512.png\",\"width\":512,\"height\":512,\"caption\":\"Fuzzion Studios - Online-portf\u00f6ljen f\u00f6r Fuzz best\u00e5r av: ljud, programmering, grafisk design, fotografi och webbdesign.\"},{\"@type\":\"BreadcrumbList\",\"@id\":\"https:\\\/\\\/fuzzionstudios.com\\\/se\\\/portfolj\\\/fotografi\\\/natur\\\/#breadcrumb\",\"itemListElement\":[{\"@type\":\"ListItem\",\"position\":1,\"name\":\"Home\",\"item\":\"https:\\\/\\\/fuzzionstudios.com\\\/se\\\/\"},{\"@type\":\"ListItem\",\"position\":2,\"name\":\"Portf\u00f6lj\",\"item\":\"https:\\\/\\\/fuzzionstudios.com\\\/se\\\/portfolj\\\/\"},{\"@type\":\"ListItem\",\"position\":3,\"name\":\"Fotografi\",\"item\":\"https:\\\/\\\/fuzzionstudios.com\\\/se\\\/portfolj\\\/fotografi\\\/\"},{\"@type\":\"ListItem\",\"position\":4,\"name\":\"Natur\"}]},{\"@type\":\"WebSite\",\"@id\":\"https:\\\/\\\/fuzzionstudios.com\\\/se\\\/#website\",\"url\":\"https:\\\/\\\/fuzzionstudios.com\\\/se\\\/\",\"name\":\"Fuzzion Studios\",\"description\":\"\",\"publisher\":{\"@id\":\"https:\\\/\\\/fuzzionstudios.com\\\/se\\\/#organization\"},\"potentialAction\":[{\"@type\":\"SearchAction\",\"target\":{\"@type\":\"EntryPoint\",\"urlTemplate\":\"https:\\\/\\\/fuzzionstudios.com\\\/se\\\/?s={search_term_string}\"},\"query-input\":{\"@type\":\"PropertyValueSpecification\",\"valueRequired\":true,\"valueName\":\"search_term_string\"}}],\"inLanguage\":\"sv-SE\"},{\"@type\":\"Organization\",\"@id\":\"https:\\\/\\\/fuzzionstudios.com\\\/se\\\/#organization\",\"name\":\"Fuzzion Studios\",\"url\":\"https:\\\/\\\/fuzzionstudios.com\\\/se\\\/\",\"logo\":{\"@type\":\"ImageObject\",\"inLanguage\":\"sv-SE\",\"@id\":\"https:\\\/\\\/fuzzionstudios.com\\\/se\\\/#\\\/schema\\\/logo\\\/image\\\/\",\"url\":\"https:\\\/\\\/fuzzionstudios.com\\\/se\\\/wp-content\\\/uploads\\\/sites\\\/3\\\/2024\\\/04\\\/Icon512.png\",\"contentUrl\":\"https:\\\/\\\/fuzzionstudios.com\\\/se\\\/wp-content\\\/uploads\\\/sites\\\/3\\\/2024\\\/04\\\/Icon512.png\",\"width\":512,\"height\":512,\"caption\":\"Fuzzion Studios\"},\"image\":{\"@id\":\"https:\\\/\\\/fuzzionstudios.com\\\/se\\\/#\\\/schema\\\/logo\\\/image\\\/\"},\"sameAs\":[\"https:\\\/\\\/instagram.com\\\/fuzzionstudios\"]}]}<\/script>\n<!-- \/ Yoast SEO plugin. -->","yoast_head_json":{"title":"Natur - Fuzzion Studios - Online-portf\u00f6ljen av konstn\u00e4ren Fuzz","description":"Natur - Online-portf\u00f6ljen av Fuzz best\u00e5r av en m\u00e5ngsidig blandning av: ljud, programmering, grafisk design, fotografi och webbdesign.","robots":{"index":"index","follow":"follow","max-snippet":"max-snippet:-1","max-image-preview":"max-image-preview:large","max-video-preview":"max-video-preview:-1"},"canonical":"https:\/\/fuzzionstudios.com\/se\/portfolj\/fotografi\/natur\/","og_locale":"sv_SE","og_type":"article","og_title":"Natur - Fuzzion Studios - Online-portf\u00f6ljen av konstn\u00e4ren Fuzz","og_description":"Natur - Online-portf\u00f6ljen av Fuzz best\u00e5r av en m\u00e5ngsidig blandning av: ljud, programmering, grafisk design, fotografi och webbdesign.","og_url":"https:\/\/fuzzionstudios.com\/se\/portfolj\/fotografi\/natur\/","og_site_name":"Fuzzion Studios","article_modified_time":"2024-05-01T23:08:07+00:00","og_image":[{"width":512,"height":512,"url":"https:\/\/fuzzionstudios.com\/se\/wp-content\/uploads\/sites\/3\/2024\/04\/Icon512.png","type":"image\/png"}],"twitter_card":"summary_large_image","twitter_misc":{"Ber\u00e4knad l\u00e4stid":"2 minuter"},"schema":{"@context":"https:\/\/schema.org","@graph":[{"@type":"WebPage","@id":"https:\/\/fuzzionstudios.com\/se\/portfolj\/fotografi\/natur\/","url":"https:\/\/fuzzionstudios.com\/se\/portfolj\/fotografi\/natur\/","name":"Natur - Fuzzion Studios - Online-portf\u00f6ljen av konstn\u00e4ren Fuzz","isPartOf":{"@id":"https:\/\/fuzzionstudios.com\/se\/#website"},"primaryImageOfPage":{"@id":"https:\/\/fuzzionstudios.com\/se\/portfolj\/fotografi\/natur\/#primaryimage"},"image":{"@id":"https:\/\/fuzzionstudios.com\/se\/portfolj\/fotografi\/natur\/#primaryimage"},"thumbnailUrl":"https:\/\/fuzzionstudios.com\/se\/wp-content\/uploads\/sites\/3\/2024\/04\/Icon512.png","datePublished":"2024-04-30T17:56:52+00:00","dateModified":"2024-05-01T23:08:07+00:00","description":"Natur - Online-portf\u00f6ljen av Fuzz best\u00e5r av en m\u00e5ngsidig blandning av: ljud, programmering, grafisk design, fotografi och webbdesign.","breadcrumb":{"@id":"https:\/\/fuzzionstudios.com\/se\/portfolj\/fotografi\/natur\/#breadcrumb"},"inLanguage":"sv-SE","potentialAction":[{"@type":"ReadAction","target":["https:\/\/fuzzionstudios.com\/se\/portfolj\/fotografi\/natur\/"]}]},{"@type":"ImageObject","inLanguage":"sv-SE","@id":"https:\/\/fuzzionstudios.com\/se\/portfolj\/fotografi\/natur\/#primaryimage","url":"https:\/\/fuzzionstudios.com\/se\/wp-content\/uploads\/sites\/3\/2024\/04\/Icon512.png","contentUrl":"https:\/\/fuzzionstudios.com\/se\/wp-content\/uploads\/sites\/3\/2024\/04\/Icon512.png","width":512,"height":512,"caption":"Fuzzion Studios - Online-portf\u00f6ljen f\u00f6r Fuzz best\u00e5r av: ljud, programmering, grafisk design, fotografi och webbdesign."},{"@type":"BreadcrumbList","@id":"https:\/\/fuzzionstudios.com\/se\/portfolj\/fotografi\/natur\/#breadcrumb","itemListElement":[{"@type":"ListItem","position":1,"name":"Home","item":"https:\/\/fuzzionstudios.com\/se\/"},{"@type":"ListItem","position":2,"name":"Portf\u00f6lj","item":"https:\/\/fuzzionstudios.com\/se\/portfolj\/"},{"@type":"ListItem","position":3,"name":"Fotografi","item":"https:\/\/fuzzionstudios.com\/se\/portfolj\/fotografi\/"},{"@type":"ListItem","position":4,"name":"Natur"}]},{"@type":"WebSite","@id":"https:\/\/fuzzionstudios.com\/se\/#website","url":"https:\/\/fuzzionstudios.com\/se\/","name":"Fuzzion Studios","description":"","publisher":{"@id":"https:\/\/fuzzionstudios.com\/se\/#organization"},"potentialAction":[{"@type":"SearchAction","target":{"@type":"EntryPoint","urlTemplate":"https:\/\/fuzzionstudios.com\/se\/?s={search_term_string}"},"query-input":{"@type":"PropertyValueSpecification","valueRequired":true,"valueName":"search_term_string"}}],"inLanguage":"sv-SE"},{"@type":"Organization","@id":"https:\/\/fuzzionstudios.com\/se\/#organization","name":"Fuzzion Studios","url":"https:\/\/fuzzionstudios.com\/se\/","logo":{"@type":"ImageObject","inLanguage":"sv-SE","@id":"https:\/\/fuzzionstudios.com\/se\/#\/schema\/logo\/image\/","url":"https:\/\/fuzzionstudios.com\/se\/wp-content\/uploads\/sites\/3\/2024\/04\/Icon512.png","contentUrl":"https:\/\/fuzzionstudios.com\/se\/wp-content\/uploads\/sites\/3\/2024\/04\/Icon512.png","width":512,"height":512,"caption":"Fuzzion Studios"},"image":{"@id":"https:\/\/fuzzionstudios.com\/se\/#\/schema\/logo\/image\/"},"sameAs":["https:\/\/instagram.com\/fuzzionstudios"]}]}},"_links":{"self":[{"href":"https:\/\/fuzzionstudios.com\/se\/wp-json\/wp\/v2\/pages\/33","targetHints":{"allow":["GET"]}}],"collection":[{"href":"https:\/\/fuzzionstudios.com\/se\/wp-json\/wp\/v2\/pages"}],"about":[{"href":"https:\/\/fuzzionstudios.com\/se\/wp-json\/wp\/v2\/types\/page"}],"author":[{"embeddable":true,"href":"https:\/\/fuzzionstudios.com\/se\/wp-json\/wp\/v2\/users\/1"}],"replies":[{"embeddable":true,"href":"https:\/\/fuzzionstudios.com\/se\/wp-json\/wp\/v2\/comments?post=33"}],"version-history":[{"count":1,"href":"https:\/\/fuzzionstudios.com\/se\/wp-json\/wp\/v2\/pages\/33\/revisions"}],"predecessor-version":[{"id":46,"href":"https:\/\/fuzzionstudios.com\/se\/wp-json\/wp\/v2\/pages\/33\/revisions\/46"}],"up":[{"embeddable":true,"href":"https:\/\/fuzzionstudios.com\/se\/wp-json\/wp\/v2\/pages\/32"}],"wp:featuredmedia":[{"embeddable":true,"href":"https:\/\/fuzzionstudios.com\/se\/wp-json\/wp\/v2\/media\/5"}],"wp:attachment":[{"href":"https:\/\/fuzzionstudios.com\/se\/wp-json\/wp\/v2\/media?parent=33"}],"curies":[{"name":"wp","href":"https:\/\/api.w.org\/{rel}","templated":true}]}}