{"id":40,"date":"2024-04-30T18:04:54","date_gmt":"2024-04-30T18:04:54","guid":{"rendered":"https:\/\/fuzzionstudios.com\/se\/?page_id=40"},"modified":"2024-05-03T12:07:10","modified_gmt":"2024-05-03T12:07:10","slug":"arkiv","status":"publish","type":"page","link":"https:\/\/fuzzionstudios.com\/se\/portfolj\/webdesign\/arkiv\/","title":{"rendered":"Arkiv"},"content":{"rendered":"<div class=\"ordering\">\n<div class=\"order-1\">\n<blockquote><p>Sk\u00e5da; webbdesignarkivet.<br \/>\nDessa \u00e4r oftast icke-responsiva m\u00f6nster; vilket inneb\u00e4r att de <strong>inte<\/strong> \u00e4r mobilv\u00e4nliga.<\/p>\n<p><span class=\"mobo\">Tryck<\/span><span class=\"seofix\"> eller <\/span><span class=\"pco\">Klicka<\/span> p\u00e5 en bild f\u00f6r att se webbplatsen.<\/p><\/blockquote>\n<\/div>\n<div id=\"fadein\" class=\"order-2\">\n<div class=\"imgtxtctr bluimg\"><a href=\"https:\/\/fuzzionstudios.com\/webdesignarchive\/thewickedcrow\" target=\"_blank\" rel=\"noopener noreferrer\"><img decoding=\"async\" src=\"\/wp-content\/themes\/fuzzionstudios\/images\/portfolio\/Webdesign\/archive\/TheWickedCrow-150x150.jpg\" alt=\"The Wicked Crow\"><\/p>\n<div class=\"imgtxt\">The Wicked Crow<\/div>\n<p><\/a><\/div>\n<div class=\"imgtxtctr bluimg\"><a href=\"https:\/\/fuzzionstudios.com\/webdesignarchive\/millz\" target=\"_blank\" rel=\"noopener noreferrer\"><img decoding=\"async\" src=\"\/wp-content\/themes\/fuzzionstudios\/images\/portfolio\/Webdesign\/archive\/Millz-150x150.jpg\" alt=\"Millz\"><\/p>\n<div class=\"imgtxt\">Millz<\/div>\n<p><\/a><\/div>\n<div class=\"imgtxtctr bluimg\"><a href=\"https:\/\/fuzzionstudios.com\/webdesignarchive\/stylesdontmatter\" target=\"_blank\" rel=\"noopener noreferrer\"><img decoding=\"async\" src=\"\/wp-content\/themes\/fuzzionstudios\/images\/portfolio\/Webdesign\/archive\/StylesDontMatter-150x150.jpg\" alt=\"Styles Don't Matter\"><\/p>\n<div class=\"imgtxt\">Styles Don&#8217;t Matter<\/div>\n<p><\/a><\/div>\n<div class=\"imgtxtctr bluimg\"><a href=\"https:\/\/fuzzionstudios.com\/webdesignarchive\/larasart\" target=\"_blank\" rel=\"noopener noreferrer\"><img decoding=\"async\" src=\"\/wp-content\/themes\/fuzzionstudios\/images\/portfolio\/Webdesign\/archive\/LarasArt-150x150.jpg\" alt=\"Lara's Art\"><\/p>\n<div class=\"imgtxt\">Lara&#8217;s Art<\/div>\n<p><\/a><\/div>\n<\/div>\n<\/div>\n","protected":false},"excerpt":{"rendered":"<div class=\"mh-excerpt\"><p>Sk\u00e5da; webbdesignarkivet. Dessa \u00e4r oftast icke-responsiva m\u00f6nster; vilket inneb\u00e4r att de inte \u00e4r mobilv\u00e4nliga. Tryck eller Klicka p\u00e5 en bild f\u00f6r att se webbplatsen. The <a class=\"mh-excerpt-more\" href=\"https:\/\/fuzzionstudios.com\/se\/portfolj\/webdesign\/arkiv\/\" title=\"Arkiv\">[&#8230;]<\/a><\/p>\n<\/div>","protected":false},"author":1,"featured_media":5,"parent":39,"menu_order":0,"comment_status":"closed","ping_status":"closed","template":"","meta":{"footnotes":""},"class_list":["post-40","page","type-page","status-publish","has-post-thumbnail","hentry"],"yoast_head":"<!-- This site is optimized with the Yoast SEO plugin v27.4 - https:\/\/yoast.com\/product\/yoast-seo-wordpress\/ -->\n<title>Arkiv - Fuzzion Studios - Online-portf\u00f6ljen av konstn\u00e4ren Fuzz<\/title>\n<meta name=\"description\" content=\"Arkiv - Sk\u00e5da; webbdesignarkivet. Dessa \u00e4r oftast icke-responsiva m\u00f6nster; vilket inneb\u00e4r att de inte \u00e4r mobilv\u00e4nliga.\" \/>\n<meta name=\"robots\" content=\"index, follow, max-snippet:-1, max-image-preview:large, max-video-preview:-1\" \/>\n<link rel=\"canonical\" href=\"https:\/\/fuzzionstudios.com\/se\/portfolj\/webdesign\/arkiv\/\" \/>\n<meta property=\"og:locale\" content=\"sv_SE\" \/>\n<meta property=\"og:type\" content=\"article\" \/>\n<meta property=\"og:title\" content=\"Arkiv - Fuzzion Studios - Online-portf\u00f6ljen av konstn\u00e4ren Fuzz\" \/>\n<meta property=\"og:description\" content=\"Arkiv - Sk\u00e5da; webbdesignarkivet. Dessa \u00e4r oftast icke-responsiva m\u00f6nster; vilket inneb\u00e4r att de inte \u00e4r mobilv\u00e4nliga.\" \/>\n<meta property=\"og:url\" content=\"https:\/\/fuzzionstudios.com\/se\/portfolj\/webdesign\/arkiv\/\" \/>\n<meta property=\"og:site_name\" content=\"Fuzzion Studios\" \/>\n<meta property=\"article:modified_time\" content=\"2024-05-03T12:07:10+00:00\" \/>\n<meta property=\"og:image\" content=\"https:\/\/fuzzionstudios.com\/se\/wp-content\/uploads\/sites\/3\/2024\/04\/Icon512.png\" \/>\n\t<meta property=\"og:image:width\" content=\"512\" \/>\n\t<meta property=\"og:image:height\" content=\"512\" \/>\n\t<meta property=\"og:image:type\" content=\"image\/png\" \/>\n<meta name=\"twitter:card\" content=\"summary_large_image\" \/>\n<meta name=\"twitter:label1\" content=\"Ber\u00e4knad l\u00e4stid\" \/>\n\t<meta name=\"twitter:data1\" content=\"2 minuter\" \/>\n<script type=\"application\/ld+json\" class=\"yoast-schema-graph\">{\"@context\":\"https:\\\/\\\/schema.org\",\"@graph\":[{\"@type\":\"WebPage\",\"@id\":\"https:\\\/\\\/fuzzionstudios.com\\\/se\\\/portfolj\\\/webdesign\\\/arkiv\\\/\",\"url\":\"https:\\\/\\\/fuzzionstudios.com\\\/se\\\/portfolj\\\/webdesign\\\/arkiv\\\/\",\"name\":\"Arkiv - Fuzzion Studios - Online-portf\u00f6ljen av konstn\u00e4ren Fuzz\",\"isPartOf\":{\"@id\":\"https:\\\/\\\/fuzzionstudios.com\\\/se\\\/#website\"},\"primaryImageOfPage\":{\"@id\":\"https:\\\/\\\/fuzzionstudios.com\\\/se\\\/portfolj\\\/webdesign\\\/arkiv\\\/#primaryimage\"},\"image\":{\"@id\":\"https:\\\/\\\/fuzzionstudios.com\\\/se\\\/portfolj\\\/webdesign\\\/arkiv\\\/#primaryimage\"},\"thumbnailUrl\":\"https:\\\/\\\/fuzzionstudios.com\\\/se\\\/wp-content\\\/uploads\\\/sites\\\/3\\\/2024\\\/04\\\/Icon512.png\",\"datePublished\":\"2024-04-30T18:04:54+00:00\",\"dateModified\":\"2024-05-03T12:07:10+00:00\",\"description\":\"Arkiv - Sk\u00e5da; webbdesignarkivet. Dessa \u00e4r oftast icke-responsiva m\u00f6nster; vilket inneb\u00e4r att de inte \u00e4r mobilv\u00e4nliga.\",\"breadcrumb\":{\"@id\":\"https:\\\/\\\/fuzzionstudios.com\\\/se\\\/portfolj\\\/webdesign\\\/arkiv\\\/#breadcrumb\"},\"inLanguage\":\"sv-SE\",\"potentialAction\":[{\"@type\":\"ReadAction\",\"target\":[\"https:\\\/\\\/fuzzionstudios.com\\\/se\\\/portfolj\\\/webdesign\\\/arkiv\\\/\"]}]},{\"@type\":\"ImageObject\",\"inLanguage\":\"sv-SE\",\"@id\":\"https:\\\/\\\/fuzzionstudios.com\\\/se\\\/portfolj\\\/webdesign\\\/arkiv\\\/#primaryimage\",\"url\":\"https:\\\/\\\/fuzzionstudios.com\\\/se\\\/wp-content\\\/uploads\\\/sites\\\/3\\\/2024\\\/04\\\/Icon512.png\",\"contentUrl\":\"https:\\\/\\\/fuzzionstudios.com\\\/se\\\/wp-content\\\/uploads\\\/sites\\\/3\\\/2024\\\/04\\\/Icon512.png\",\"width\":512,\"height\":512,\"caption\":\"Fuzzion Studios - Online-portf\u00f6ljen f\u00f6r Fuzz best\u00e5r av: ljud, programmering, grafisk design, fotografi och webbdesign.\"},{\"@type\":\"BreadcrumbList\",\"@id\":\"https:\\\/\\\/fuzzionstudios.com\\\/se\\\/portfolj\\\/webdesign\\\/arkiv\\\/#breadcrumb\",\"itemListElement\":[{\"@type\":\"ListItem\",\"position\":1,\"name\":\"Home\",\"item\":\"https:\\\/\\\/fuzzionstudios.com\\\/se\\\/\"},{\"@type\":\"ListItem\",\"position\":2,\"name\":\"Portf\u00f6lj\",\"item\":\"https:\\\/\\\/fuzzionstudios.com\\\/se\\\/portfolj\\\/\"},{\"@type\":\"ListItem\",\"position\":3,\"name\":\"Webbdesign\",\"item\":\"https:\\\/\\\/fuzzionstudios.com\\\/se\\\/portfolj\\\/webdesign\\\/\"},{\"@type\":\"ListItem\",\"position\":4,\"name\":\"Arkiv\"}]},{\"@type\":\"WebSite\",\"@id\":\"https:\\\/\\\/fuzzionstudios.com\\\/se\\\/#website\",\"url\":\"https:\\\/\\\/fuzzionstudios.com\\\/se\\\/\",\"name\":\"Fuzzion Studios\",\"description\":\"\",\"publisher\":{\"@id\":\"https:\\\/\\\/fuzzionstudios.com\\\/se\\\/#organization\"},\"potentialAction\":[{\"@type\":\"SearchAction\",\"target\":{\"@type\":\"EntryPoint\",\"urlTemplate\":\"https:\\\/\\\/fuzzionstudios.com\\\/se\\\/?s={search_term_string}\"},\"query-input\":{\"@type\":\"PropertyValueSpecification\",\"valueRequired\":true,\"valueName\":\"search_term_string\"}}],\"inLanguage\":\"sv-SE\"},{\"@type\":\"Organization\",\"@id\":\"https:\\\/\\\/fuzzionstudios.com\\\/se\\\/#organization\",\"name\":\"Fuzzion Studios\",\"url\":\"https:\\\/\\\/fuzzionstudios.com\\\/se\\\/\",\"logo\":{\"@type\":\"ImageObject\",\"inLanguage\":\"sv-SE\",\"@id\":\"https:\\\/\\\/fuzzionstudios.com\\\/se\\\/#\\\/schema\\\/logo\\\/image\\\/\",\"url\":\"https:\\\/\\\/fuzzionstudios.com\\\/se\\\/wp-content\\\/uploads\\\/sites\\\/3\\\/2024\\\/04\\\/Icon512.png\",\"contentUrl\":\"https:\\\/\\\/fuzzionstudios.com\\\/se\\\/wp-content\\\/uploads\\\/sites\\\/3\\\/2024\\\/04\\\/Icon512.png\",\"width\":512,\"height\":512,\"caption\":\"Fuzzion Studios\"},\"image\":{\"@id\":\"https:\\\/\\\/fuzzionstudios.com\\\/se\\\/#\\\/schema\\\/logo\\\/image\\\/\"},\"sameAs\":[\"https:\\\/\\\/instagram.com\\\/fuzzionstudios\"]}]}<\/script>\n<!-- \/ Yoast SEO plugin. -->","yoast_head_json":{"title":"Arkiv - Fuzzion Studios - Online-portf\u00f6ljen av konstn\u00e4ren Fuzz","description":"Arkiv - Sk\u00e5da; webbdesignarkivet. Dessa \u00e4r oftast icke-responsiva m\u00f6nster; vilket inneb\u00e4r att de inte \u00e4r mobilv\u00e4nliga.","robots":{"index":"index","follow":"follow","max-snippet":"max-snippet:-1","max-image-preview":"max-image-preview:large","max-video-preview":"max-video-preview:-1"},"canonical":"https:\/\/fuzzionstudios.com\/se\/portfolj\/webdesign\/arkiv\/","og_locale":"sv_SE","og_type":"article","og_title":"Arkiv - Fuzzion Studios - Online-portf\u00f6ljen av konstn\u00e4ren Fuzz","og_description":"Arkiv - Sk\u00e5da; webbdesignarkivet. Dessa \u00e4r oftast icke-responsiva m\u00f6nster; vilket inneb\u00e4r att de inte \u00e4r mobilv\u00e4nliga.","og_url":"https:\/\/fuzzionstudios.com\/se\/portfolj\/webdesign\/arkiv\/","og_site_name":"Fuzzion Studios","article_modified_time":"2024-05-03T12:07:10+00:00","og_image":[{"width":512,"height":512,"url":"https:\/\/fuzzionstudios.com\/se\/wp-content\/uploads\/sites\/3\/2024\/04\/Icon512.png","type":"image\/png"}],"twitter_card":"summary_large_image","twitter_misc":{"Ber\u00e4knad l\u00e4stid":"2 minuter"},"schema":{"@context":"https:\/\/schema.org","@graph":[{"@type":"WebPage","@id":"https:\/\/fuzzionstudios.com\/se\/portfolj\/webdesign\/arkiv\/","url":"https:\/\/fuzzionstudios.com\/se\/portfolj\/webdesign\/arkiv\/","name":"Arkiv - Fuzzion Studios - Online-portf\u00f6ljen av konstn\u00e4ren Fuzz","isPartOf":{"@id":"https:\/\/fuzzionstudios.com\/se\/#website"},"primaryImageOfPage":{"@id":"https:\/\/fuzzionstudios.com\/se\/portfolj\/webdesign\/arkiv\/#primaryimage"},"image":{"@id":"https:\/\/fuzzionstudios.com\/se\/portfolj\/webdesign\/arkiv\/#primaryimage"},"thumbnailUrl":"https:\/\/fuzzionstudios.com\/se\/wp-content\/uploads\/sites\/3\/2024\/04\/Icon512.png","datePublished":"2024-04-30T18:04:54+00:00","dateModified":"2024-05-03T12:07:10+00:00","description":"Arkiv - Sk\u00e5da; webbdesignarkivet. Dessa \u00e4r oftast icke-responsiva m\u00f6nster; vilket inneb\u00e4r att de inte \u00e4r mobilv\u00e4nliga.","breadcrumb":{"@id":"https:\/\/fuzzionstudios.com\/se\/portfolj\/webdesign\/arkiv\/#breadcrumb"},"inLanguage":"sv-SE","potentialAction":[{"@type":"ReadAction","target":["https:\/\/fuzzionstudios.com\/se\/portfolj\/webdesign\/arkiv\/"]}]},{"@type":"ImageObject","inLanguage":"sv-SE","@id":"https:\/\/fuzzionstudios.com\/se\/portfolj\/webdesign\/arkiv\/#primaryimage","url":"https:\/\/fuzzionstudios.com\/se\/wp-content\/uploads\/sites\/3\/2024\/04\/Icon512.png","contentUrl":"https:\/\/fuzzionstudios.com\/se\/wp-content\/uploads\/sites\/3\/2024\/04\/Icon512.png","width":512,"height":512,"caption":"Fuzzion Studios - Online-portf\u00f6ljen f\u00f6r Fuzz best\u00e5r av: ljud, programmering, grafisk design, fotografi och webbdesign."},{"@type":"BreadcrumbList","@id":"https:\/\/fuzzionstudios.com\/se\/portfolj\/webdesign\/arkiv\/#breadcrumb","itemListElement":[{"@type":"ListItem","position":1,"name":"Home","item":"https:\/\/fuzzionstudios.com\/se\/"},{"@type":"ListItem","position":2,"name":"Portf\u00f6lj","item":"https:\/\/fuzzionstudios.com\/se\/portfolj\/"},{"@type":"ListItem","position":3,"name":"Webbdesign","item":"https:\/\/fuzzionstudios.com\/se\/portfolj\/webdesign\/"},{"@type":"ListItem","position":4,"name":"Arkiv"}]},{"@type":"WebSite","@id":"https:\/\/fuzzionstudios.com\/se\/#website","url":"https:\/\/fuzzionstudios.com\/se\/","name":"Fuzzion Studios","description":"","publisher":{"@id":"https:\/\/fuzzionstudios.com\/se\/#organization"},"potentialAction":[{"@type":"SearchAction","target":{"@type":"EntryPoint","urlTemplate":"https:\/\/fuzzionstudios.com\/se\/?s={search_term_string}"},"query-input":{"@type":"PropertyValueSpecification","valueRequired":true,"valueName":"search_term_string"}}],"inLanguage":"sv-SE"},{"@type":"Organization","@id":"https:\/\/fuzzionstudios.com\/se\/#organization","name":"Fuzzion Studios","url":"https:\/\/fuzzionstudios.com\/se\/","logo":{"@type":"ImageObject","inLanguage":"sv-SE","@id":"https:\/\/fuzzionstudios.com\/se\/#\/schema\/logo\/image\/","url":"https:\/\/fuzzionstudios.com\/se\/wp-content\/uploads\/sites\/3\/2024\/04\/Icon512.png","contentUrl":"https:\/\/fuzzionstudios.com\/se\/wp-content\/uploads\/sites\/3\/2024\/04\/Icon512.png","width":512,"height":512,"caption":"Fuzzion Studios"},"image":{"@id":"https:\/\/fuzzionstudios.com\/se\/#\/schema\/logo\/image\/"},"sameAs":["https:\/\/instagram.com\/fuzzionstudios"]}]}},"_links":{"self":[{"href":"https:\/\/fuzzionstudios.com\/se\/wp-json\/wp\/v2\/pages\/40","targetHints":{"allow":["GET"]}}],"collection":[{"href":"https:\/\/fuzzionstudios.com\/se\/wp-json\/wp\/v2\/pages"}],"about":[{"href":"https:\/\/fuzzionstudios.com\/se\/wp-json\/wp\/v2\/types\/page"}],"author":[{"embeddable":true,"href":"https:\/\/fuzzionstudios.com\/se\/wp-json\/wp\/v2\/users\/1"}],"replies":[{"embeddable":true,"href":"https:\/\/fuzzionstudios.com\/se\/wp-json\/wp\/v2\/comments?post=40"}],"version-history":[{"count":3,"href":"https:\/\/fuzzionstudios.com\/se\/wp-json\/wp\/v2\/pages\/40\/revisions"}],"predecessor-version":[{"id":83,"href":"https:\/\/fuzzionstudios.com\/se\/wp-json\/wp\/v2\/pages\/40\/revisions\/83"}],"up":[{"embeddable":true,"href":"https:\/\/fuzzionstudios.com\/se\/wp-json\/wp\/v2\/pages\/39"}],"wp:featuredmedia":[{"embeddable":true,"href":"https:\/\/fuzzionstudios.com\/se\/wp-json\/wp\/v2\/media\/5"}],"wp:attachment":[{"href":"https:\/\/fuzzionstudios.com\/se\/wp-json\/wp\/v2\/media?parent=40"}],"curies":[{"name":"wp","href":"https:\/\/api.w.org\/{rel}","templated":true}]}}