{"id":9,"date":"2024-04-28T18:41:04","date_gmt":"2024-04-28T18:41:04","guid":{"rendered":"https:\/\/fuzzionstudios.com\/se\/?page_id=9"},"modified":"2024-05-17T12:59:13","modified_gmt":"2024-05-17T12:59:13","slug":"hem","status":"publish","type":"page","link":"https:\/\/fuzzionstudios.com\/se\/","title":{"rendered":"Hem"},"content":{"rendered":"<h2>V\u00e4lkommen till Fuzzion Studios!<\/h2>\n<div class=\"ordering\">\n<div class=\"order-1\">\n<p>Du har n\u00e5tt webbplatsen f\u00f6r multimediakonstn\u00e4ren och frilansaren <a href=\"\/se\/om\/\">Fuzz<\/a>.<br \/>\nJag erbjuder en m\u00e5ngsidig blandning av prisv\u00e4rda tj\u00e4nster och en portf\u00f6lj med tema i f\u00f6ljande:<\/p>\n<ul>\n<li><a href=\"\/se\/portfolj\/audio\">Audio<\/a> <sup>komponera l\u00e5tar, mixa och master-sp\u00e5r&#8230;<\/sup><\/li>\n<li><a href=\"\/se\/portfolj\/grafisk-design\/\">Grafisk design<\/a> <sup>konst, visitkort, logotyper, etc&#8230;<\/sup><\/li>\n<li><a href=\"\/se\/portfolj\/fotografi\/\">Fotografi<\/a> <sup>natur, platser och andra saker&#8230;<\/sup><\/li>\n<li><a href=\"\/se\/portfolj\/webdesign\/\">Webdesign<\/a> <sup>och underh\u00e5ll av flera webbplatser&#8230;<\/sup><\/li>\n<\/ul>\n<\/div>\n<div class=\"order-2\" id=\"fadein\">\n<div class=\"fs-homewrap\">\n<div class=\"fs-homeposter homebrdr\"><a href=\"\/se\/tjanster\/\"><img decoding=\"async\" src=\"\/wp-content\/themes\/fuzzionstudios\/images\/icons\/Services.png\" alt=\"Tj\u00e4nster\"><\/p>\n<div class=\"fs-homepstrtxt\">Tj\u00e4nster<\/div>\n<p><\/a><\/div>\n<div class=\"fs-homeposter homebrdr\"><a href=\"\/se\/portfolj\/\"><img decoding=\"async\" src=\"\/wp-content\/themes\/fuzzionstudios\/images\/icons\/Portfolio.png\" alt=\"Portf\u00f6lj\"><\/p>\n<div class=\"fs-homepstrtxt\">Portf\u00f6lj<\/div>\n<p><\/a><\/div>\n<\/div>\n<p><\/div>\n<\/div>\n<blockquote><p>Denna webbplats har skapats med syftet att visa upp mina tj\u00e4nster s\u00e5v\u00e4l som portf\u00f6lj.<br \/>\nJag hoppas att du gillar att surfa lika mycket som jag byggde den!<\/p><\/blockquote>\n","protected":false},"excerpt":{"rendered":"<div class=\"mh-excerpt\"><p>V\u00e4lkommen till Fuzzion Studios! Du har n\u00e5tt webbplatsen f\u00f6r multimediakonstn\u00e4ren och frilansaren Fuzz. Jag erbjuder en m\u00e5ngsidig blandning av prisv\u00e4rda tj\u00e4nster och en portf\u00f6lj med <a class=\"mh-excerpt-more\" href=\"https:\/\/fuzzionstudios.com\/se\/\" title=\"Hem\">[&#8230;]<\/a><\/p>\n<\/div>","protected":false},"author":1,"featured_media":5,"parent":0,"menu_order":0,"comment_status":"closed","ping_status":"closed","template":"","meta":{"footnotes":""},"class_list":["post-9","page","type-page","status-publish","has-post-thumbnail","hentry"],"yoast_head":"<!-- This site is optimized with the Yoast SEO plugin v27.4 - https:\/\/yoast.com\/product\/yoast-seo-wordpress\/ -->\n<title>Hem - Fuzzion Studios - Online-portf\u00f6ljen av konstn\u00e4ren Fuzz<\/title>\n<meta name=\"description\" content=\"Hem - Webbplats f\u00f6r multimediakonstn\u00e4ren och frilansaren Fuzz, som erbjuder en m\u00e5ngsidig blandning av prisv\u00e4rda tj\u00e4nster och portf\u00f6lj.\" \/>\n<meta name=\"robots\" content=\"index, follow, max-snippet:-1, max-image-preview:large, max-video-preview:-1\" \/>\n<link rel=\"canonical\" href=\"https:\/\/fuzzionstudios.com\/se\/\" \/>\n<meta property=\"og:locale\" content=\"sv_SE\" \/>\n<meta property=\"og:type\" content=\"article\" \/>\n<meta property=\"og:title\" content=\"Hem - Fuzzion Studios - Online-portf\u00f6ljen av konstn\u00e4ren Fuzz\" \/>\n<meta property=\"og:description\" content=\"Hem - Webbplats f\u00f6r multimediakonstn\u00e4ren och frilansaren Fuzz, som erbjuder en m\u00e5ngsidig blandning av prisv\u00e4rda tj\u00e4nster och portf\u00f6lj.\" \/>\n<meta property=\"og:url\" content=\"https:\/\/fuzzionstudios.com\/se\/\" \/>\n<meta property=\"og:site_name\" content=\"Fuzzion Studios\" \/>\n<meta property=\"article:modified_time\" content=\"2024-05-17T12:59:13+00:00\" \/>\n<meta property=\"og:image\" content=\"https:\/\/fuzzionstudios.com\/se\/wp-content\/uploads\/sites\/3\/2024\/04\/Icon512.png\" \/>\n\t<meta property=\"og:image:width\" content=\"512\" \/>\n\t<meta property=\"og:image:height\" content=\"512\" \/>\n\t<meta property=\"og:image:type\" content=\"image\/png\" \/>\n<meta name=\"twitter:card\" content=\"summary_large_image\" \/>\n<meta name=\"twitter:label1\" content=\"Ber\u00e4knad l\u00e4stid\" \/>\n\t<meta name=\"twitter:data1\" content=\"1 minut\" \/>\n<script type=\"application\/ld+json\" class=\"yoast-schema-graph\">{\"@context\":\"https:\\\/\\\/schema.org\",\"@graph\":[{\"@type\":\"WebPage\",\"@id\":\"https:\\\/\\\/fuzzionstudios.com\\\/se\\\/\",\"url\":\"https:\\\/\\\/fuzzionstudios.com\\\/se\\\/\",\"name\":\"Hem - Fuzzion Studios - Online-portf\u00f6ljen av konstn\u00e4ren Fuzz\",\"isPartOf\":{\"@id\":\"https:\\\/\\\/fuzzionstudios.com\\\/se\\\/#website\"},\"primaryImageOfPage\":{\"@id\":\"https:\\\/\\\/fuzzionstudios.com\\\/se\\\/#primaryimage\"},\"image\":{\"@id\":\"https:\\\/\\\/fuzzionstudios.com\\\/se\\\/#primaryimage\"},\"thumbnailUrl\":\"https:\\\/\\\/fuzzionstudios.com\\\/se\\\/wp-content\\\/uploads\\\/sites\\\/3\\\/2024\\\/04\\\/Icon512.png\",\"datePublished\":\"2024-04-28T18:41:04+00:00\",\"dateModified\":\"2024-05-17T12:59:13+00:00\",\"description\":\"Hem - Webbplats f\u00f6r multimediakonstn\u00e4ren och frilansaren Fuzz, som erbjuder en m\u00e5ngsidig blandning av prisv\u00e4rda tj\u00e4nster och portf\u00f6lj.\",\"breadcrumb\":{\"@id\":\"https:\\\/\\\/fuzzionstudios.com\\\/se\\\/#breadcrumb\"},\"inLanguage\":\"sv-SE\",\"potentialAction\":[{\"@type\":\"ReadAction\",\"target\":[\"https:\\\/\\\/fuzzionstudios.com\\\/se\\\/\"]}]},{\"@type\":\"ImageObject\",\"inLanguage\":\"sv-SE\",\"@id\":\"https:\\\/\\\/fuzzionstudios.com\\\/se\\\/#primaryimage\",\"url\":\"https:\\\/\\\/fuzzionstudios.com\\\/se\\\/wp-content\\\/uploads\\\/sites\\\/3\\\/2024\\\/04\\\/Icon512.png\",\"contentUrl\":\"https:\\\/\\\/fuzzionstudios.com\\\/se\\\/wp-content\\\/uploads\\\/sites\\\/3\\\/2024\\\/04\\\/Icon512.png\",\"width\":512,\"height\":512,\"caption\":\"Fuzzion Studios - Online-portf\u00f6ljen f\u00f6r Fuzz best\u00e5r av: ljud, programmering, grafisk design, fotografi och webbdesign.\"},{\"@type\":\"BreadcrumbList\",\"@id\":\"https:\\\/\\\/fuzzionstudios.com\\\/se\\\/#breadcrumb\",\"itemListElement\":[{\"@type\":\"ListItem\",\"position\":1,\"name\":\"Home\",\"item\":\"https:\\\/\\\/fuzzionstudios.com\\\/se\\\/\"},{\"@type\":\"ListItem\",\"position\":2,\"name\":\"hem\"}]},{\"@type\":\"WebSite\",\"@id\":\"https:\\\/\\\/fuzzionstudios.com\\\/se\\\/#website\",\"url\":\"https:\\\/\\\/fuzzionstudios.com\\\/se\\\/\",\"name\":\"Fuzzion Studios\",\"description\":\"\",\"publisher\":{\"@id\":\"https:\\\/\\\/fuzzionstudios.com\\\/se\\\/#organization\"},\"potentialAction\":[{\"@type\":\"SearchAction\",\"target\":{\"@type\":\"EntryPoint\",\"urlTemplate\":\"https:\\\/\\\/fuzzionstudios.com\\\/se\\\/?s={search_term_string}\"},\"query-input\":{\"@type\":\"PropertyValueSpecification\",\"valueRequired\":true,\"valueName\":\"search_term_string\"}}],\"inLanguage\":\"sv-SE\"},{\"@type\":\"Organization\",\"@id\":\"https:\\\/\\\/fuzzionstudios.com\\\/se\\\/#organization\",\"name\":\"Fuzzion Studios\",\"url\":\"https:\\\/\\\/fuzzionstudios.com\\\/se\\\/\",\"logo\":{\"@type\":\"ImageObject\",\"inLanguage\":\"sv-SE\",\"@id\":\"https:\\\/\\\/fuzzionstudios.com\\\/se\\\/#\\\/schema\\\/logo\\\/image\\\/\",\"url\":\"https:\\\/\\\/fuzzionstudios.com\\\/se\\\/wp-content\\\/uploads\\\/sites\\\/3\\\/2024\\\/04\\\/Icon512.png\",\"contentUrl\":\"https:\\\/\\\/fuzzionstudios.com\\\/se\\\/wp-content\\\/uploads\\\/sites\\\/3\\\/2024\\\/04\\\/Icon512.png\",\"width\":512,\"height\":512,\"caption\":\"Fuzzion Studios\"},\"image\":{\"@id\":\"https:\\\/\\\/fuzzionstudios.com\\\/se\\\/#\\\/schema\\\/logo\\\/image\\\/\"},\"sameAs\":[\"https:\\\/\\\/instagram.com\\\/fuzzionstudios\"]}]}<\/script>\n<!-- \/ Yoast SEO plugin. -->","yoast_head_json":{"title":"Hem - Fuzzion Studios - Online-portf\u00f6ljen av konstn\u00e4ren Fuzz","description":"Hem - Webbplats f\u00f6r multimediakonstn\u00e4ren och frilansaren Fuzz, som erbjuder en m\u00e5ngsidig blandning av prisv\u00e4rda tj\u00e4nster och portf\u00f6lj.","robots":{"index":"index","follow":"follow","max-snippet":"max-snippet:-1","max-image-preview":"max-image-preview:large","max-video-preview":"max-video-preview:-1"},"canonical":"https:\/\/fuzzionstudios.com\/se\/","og_locale":"sv_SE","og_type":"article","og_title":"Hem - Fuzzion Studios - Online-portf\u00f6ljen av konstn\u00e4ren Fuzz","og_description":"Hem - Webbplats f\u00f6r multimediakonstn\u00e4ren och frilansaren Fuzz, som erbjuder en m\u00e5ngsidig blandning av prisv\u00e4rda tj\u00e4nster och portf\u00f6lj.","og_url":"https:\/\/fuzzionstudios.com\/se\/","og_site_name":"Fuzzion Studios","article_modified_time":"2024-05-17T12:59:13+00:00","og_image":[{"width":512,"height":512,"url":"https:\/\/fuzzionstudios.com\/se\/wp-content\/uploads\/sites\/3\/2024\/04\/Icon512.png","type":"image\/png"}],"twitter_card":"summary_large_image","twitter_misc":{"Ber\u00e4knad l\u00e4stid":"1 minut"},"schema":{"@context":"https:\/\/schema.org","@graph":[{"@type":"WebPage","@id":"https:\/\/fuzzionstudios.com\/se\/","url":"https:\/\/fuzzionstudios.com\/se\/","name":"Hem - Fuzzion Studios - Online-portf\u00f6ljen av konstn\u00e4ren Fuzz","isPartOf":{"@id":"https:\/\/fuzzionstudios.com\/se\/#website"},"primaryImageOfPage":{"@id":"https:\/\/fuzzionstudios.com\/se\/#primaryimage"},"image":{"@id":"https:\/\/fuzzionstudios.com\/se\/#primaryimage"},"thumbnailUrl":"https:\/\/fuzzionstudios.com\/se\/wp-content\/uploads\/sites\/3\/2024\/04\/Icon512.png","datePublished":"2024-04-28T18:41:04+00:00","dateModified":"2024-05-17T12:59:13+00:00","description":"Hem - Webbplats f\u00f6r multimediakonstn\u00e4ren och frilansaren Fuzz, som erbjuder en m\u00e5ngsidig blandning av prisv\u00e4rda tj\u00e4nster och portf\u00f6lj.","breadcrumb":{"@id":"https:\/\/fuzzionstudios.com\/se\/#breadcrumb"},"inLanguage":"sv-SE","potentialAction":[{"@type":"ReadAction","target":["https:\/\/fuzzionstudios.com\/se\/"]}]},{"@type":"ImageObject","inLanguage":"sv-SE","@id":"https:\/\/fuzzionstudios.com\/se\/#primaryimage","url":"https:\/\/fuzzionstudios.com\/se\/wp-content\/uploads\/sites\/3\/2024\/04\/Icon512.png","contentUrl":"https:\/\/fuzzionstudios.com\/se\/wp-content\/uploads\/sites\/3\/2024\/04\/Icon512.png","width":512,"height":512,"caption":"Fuzzion Studios - Online-portf\u00f6ljen f\u00f6r Fuzz best\u00e5r av: ljud, programmering, grafisk design, fotografi och webbdesign."},{"@type":"BreadcrumbList","@id":"https:\/\/fuzzionstudios.com\/se\/#breadcrumb","itemListElement":[{"@type":"ListItem","position":1,"name":"Home","item":"https:\/\/fuzzionstudios.com\/se\/"},{"@type":"ListItem","position":2,"name":"hem"}]},{"@type":"WebSite","@id":"https:\/\/fuzzionstudios.com\/se\/#website","url":"https:\/\/fuzzionstudios.com\/se\/","name":"Fuzzion Studios","description":"","publisher":{"@id":"https:\/\/fuzzionstudios.com\/se\/#organization"},"potentialAction":[{"@type":"SearchAction","target":{"@type":"EntryPoint","urlTemplate":"https:\/\/fuzzionstudios.com\/se\/?s={search_term_string}"},"query-input":{"@type":"PropertyValueSpecification","valueRequired":true,"valueName":"search_term_string"}}],"inLanguage":"sv-SE"},{"@type":"Organization","@id":"https:\/\/fuzzionstudios.com\/se\/#organization","name":"Fuzzion Studios","url":"https:\/\/fuzzionstudios.com\/se\/","logo":{"@type":"ImageObject","inLanguage":"sv-SE","@id":"https:\/\/fuzzionstudios.com\/se\/#\/schema\/logo\/image\/","url":"https:\/\/fuzzionstudios.com\/se\/wp-content\/uploads\/sites\/3\/2024\/04\/Icon512.png","contentUrl":"https:\/\/fuzzionstudios.com\/se\/wp-content\/uploads\/sites\/3\/2024\/04\/Icon512.png","width":512,"height":512,"caption":"Fuzzion Studios"},"image":{"@id":"https:\/\/fuzzionstudios.com\/se\/#\/schema\/logo\/image\/"},"sameAs":["https:\/\/instagram.com\/fuzzionstudios"]}]}},"_links":{"self":[{"href":"https:\/\/fuzzionstudios.com\/se\/wp-json\/wp\/v2\/pages\/9","targetHints":{"allow":["GET"]}}],"collection":[{"href":"https:\/\/fuzzionstudios.com\/se\/wp-json\/wp\/v2\/pages"}],"about":[{"href":"https:\/\/fuzzionstudios.com\/se\/wp-json\/wp\/v2\/types\/page"}],"author":[{"embeddable":true,"href":"https:\/\/fuzzionstudios.com\/se\/wp-json\/wp\/v2\/users\/1"}],"replies":[{"embeddable":true,"href":"https:\/\/fuzzionstudios.com\/se\/wp-json\/wp\/v2\/comments?post=9"}],"version-history":[{"count":6,"href":"https:\/\/fuzzionstudios.com\/se\/wp-json\/wp\/v2\/pages\/9\/revisions"}],"predecessor-version":[{"id":109,"href":"https:\/\/fuzzionstudios.com\/se\/wp-json\/wp\/v2\/pages\/9\/revisions\/109"}],"wp:featuredmedia":[{"embeddable":true,"href":"https:\/\/fuzzionstudios.com\/se\/wp-json\/wp\/v2\/media\/5"}],"wp:attachment":[{"href":"https:\/\/fuzzionstudios.com\/se\/wp-json\/wp\/v2\/media?parent=9"}],"curies":[{"name":"wp","href":"https:\/\/api.w.org\/{rel}","templated":true}]}}